{"id":13946,"date":"2022-05-21T23:50:02","date_gmt":"2022-05-21T21:50:02","guid":{"rendered":"http:\/\/luludog.eu\/sklep\/ball-north-pole\/"},"modified":"2022-07-22T12:29:19","modified_gmt":"2022-07-22T10:29:19","slug":"hundeball-north-pole","status":"publish","type":"product","link":"http:\/\/luludog.eu\/de\/sklep\/hundeball-north-pole\/","title":{"rendered":"Hundeball North Pole"},"content":{"rendered":"<p>Pi\u0142ki pasuj\u0105 do naszych autorskich kolekcji psich akcesori\u00f3w. Wype\u0142nione zosta\u0142y mi\u0119kkim wype\u0142niaczem z piszcza\u0142k\u0105, aby podsyci\u0107 ch\u0119\u0107 zabawy. \u015arednica pi\u0142ek to ok. 10 cm, jest to wielko\u015b\u0107 przeznaczona zar\u00f3wno dla ps\u00f3w ma\u0142ych ras jak i tych wi\u0119kszych.<\/p>\n","protected":false},"excerpt":{"rendered":"Pi\u0142ki pasuj\u0105 do naszych autorskich kolekcji psich akcesori\u00f3w. Wype\u0142nione zosta\u0142y mi\u0119kkim wype\u0142niaczem z piszcza\u0142k\u0105, aby podsyci\u0107 ch\u0119\u0107 zabawy. \u015arednica pi\u0142ek to ok. 10 cm, jest to<span class=\"excerpt-hellip\"> [\u2026]<\/span>","protected":false},"featured_media":13944,"comment_status":"closed","ping_status":"closed","template":"","meta":{"_acf_changed":false},"product_brand":[],"product_cat":[1009,1000],"product_tag":[],"class_list":{"0":"post-13946","1":"product","2":"type-product","3":"status-publish","4":"has-post-thumbnail","6":"product_cat-spielsachen","7":"product_cat-north-pole-de","9":"first","10":"instock","11":"taxable","12":"shipping-taxable","13":"purchasable","14":"product-type-simple"},"acf":[],"yoast_head":"<!-- This site is optimized with the Yoast SEO plugin v25.4 - https:\/\/yoast.com\/wordpress\/plugins\/seo\/ -->\n<title>Hundeball North Pole - Luludog<\/title>\n<meta name=\"robots\" content=\"index, follow, max-snippet:-1, max-image-preview:large, max-video-preview:-1\" \/>\n<link rel=\"canonical\" href=\"http:\/\/luludog.eu\/de\/sklep\/hundeball-north-pole\/\" \/>\n<meta property=\"og:locale\" content=\"de_DE\" \/>\n<meta property=\"og:type\" content=\"article\" \/>\n<meta property=\"og:title\" content=\"Hundeball North Pole - Luludog\" \/>\n<meta property=\"og:url\" content=\"http:\/\/luludog.eu\/de\/sklep\/hundeball-north-pole\/\" \/>\n<meta property=\"og:site_name\" content=\"Luludog\" \/>\n<meta property=\"article:modified_time\" content=\"2022-07-22T10:29:19+00:00\" \/>\n<meta property=\"og:image\" content=\"http:\/\/luludog.eu\/wp-content\/uploads\/2022\/05\/north-pole-ball.jpg\" \/>\n\t<meta property=\"og:image:width\" content=\"1600\" \/>\n\t<meta property=\"og:image:height\" content=\"1065\" \/>\n\t<meta property=\"og:image:type\" content=\"image\/jpeg\" \/>\n<meta name=\"twitter:card\" content=\"summary_large_image\" \/>\n<meta name=\"twitter:label1\" content=\"Gesch\u00e4tzte Lesezeit\" \/>\n\t<meta name=\"twitter:data1\" content=\"1\u00a0Minute\" \/>\n<script type=\"application\/ld+json\" class=\"yoast-schema-graph\">{\"@context\":\"https:\/\/schema.org\",\"@graph\":[{\"@type\":\"WebPage\",\"@id\":\"http:\/\/luludog.eu\/de\/sklep\/hundeball-north-pole\/\",\"url\":\"http:\/\/luludog.eu\/de\/sklep\/hundeball-north-pole\/\",\"name\":\"Hundeball North Pole - Luludog\",\"isPartOf\":{\"@id\":\"http:\/\/luludog.eu\/de\/#website\"},\"primaryImageOfPage\":{\"@id\":\"http:\/\/luludog.eu\/de\/sklep\/hundeball-north-pole\/#primaryimage\"},\"image\":{\"@id\":\"http:\/\/luludog.eu\/de\/sklep\/hundeball-north-pole\/#primaryimage\"},\"thumbnailUrl\":\"http:\/\/luludog.eu\/wp-content\/uploads\/2022\/05\/north-pole-ball.jpg\",\"datePublished\":\"2022-05-21T21:50:02+00:00\",\"dateModified\":\"2022-07-22T10:29:19+00:00\",\"breadcrumb\":{\"@id\":\"http:\/\/luludog.eu\/de\/sklep\/hundeball-north-pole\/#breadcrumb\"},\"inLanguage\":\"de\",\"potentialAction\":[{\"@type\":\"ReadAction\",\"target\":[\"http:\/\/luludog.eu\/de\/sklep\/hundeball-north-pole\/\"]}]},{\"@type\":\"ImageObject\",\"inLanguage\":\"de\",\"@id\":\"http:\/\/luludog.eu\/de\/sklep\/hundeball-north-pole\/#primaryimage\",\"url\":\"http:\/\/luludog.eu\/wp-content\/uploads\/2022\/05\/north-pole-ball.jpg\",\"contentUrl\":\"http:\/\/luludog.eu\/wp-content\/uploads\/2022\/05\/north-pole-ball.jpg\",\"width\":1600,\"height\":1065},{\"@type\":\"BreadcrumbList\",\"@id\":\"http:\/\/luludog.eu\/de\/sklep\/hundeball-north-pole\/#breadcrumb\",\"itemListElement\":[{\"@type\":\"ListItem\",\"position\":1,\"name\":\"Strona g\u0142\u00f3wna\",\"item\":\"http:\/\/luludog.eu\/de\/\"},{\"@type\":\"ListItem\",\"position\":2,\"name\":\"Sklep\",\"item\":\"http:\/\/luludog.eu\/de\/sklep\/\"},{\"@type\":\"ListItem\",\"position\":3,\"name\":\"Hundeball North Pole\"}]},{\"@type\":\"WebSite\",\"@id\":\"http:\/\/luludog.eu\/de\/#website\",\"url\":\"http:\/\/luludog.eu\/de\/\",\"name\":\"Luludog\",\"description\":\"\",\"potentialAction\":[{\"@type\":\"SearchAction\",\"target\":{\"@type\":\"EntryPoint\",\"urlTemplate\":\"http:\/\/luludog.eu\/de\/?s={search_term_string}\"},\"query-input\":{\"@type\":\"PropertyValueSpecification\",\"valueRequired\":true,\"valueName\":\"search_term_string\"}}],\"inLanguage\":\"de\"}]}<\/script>\n<!-- \/ Yoast SEO plugin. -->","yoast_head_json":{"title":"Hundeball North Pole - Luludog","robots":{"index":"index","follow":"follow","max-snippet":"max-snippet:-1","max-image-preview":"max-image-preview:large","max-video-preview":"max-video-preview:-1"},"canonical":"http:\/\/luludog.eu\/de\/sklep\/hundeball-north-pole\/","og_locale":"de_DE","og_type":"article","og_title":"Hundeball North Pole - Luludog","og_url":"http:\/\/luludog.eu\/de\/sklep\/hundeball-north-pole\/","og_site_name":"Luludog","article_modified_time":"2022-07-22T10:29:19+00:00","og_image":[{"width":1600,"height":1065,"url":"http:\/\/luludog.eu\/wp-content\/uploads\/2022\/05\/north-pole-ball.jpg","type":"image\/jpeg"}],"twitter_card":"summary_large_image","twitter_misc":{"Gesch\u00e4tzte Lesezeit":"1\u00a0Minute"},"schema":{"@context":"https:\/\/schema.org","@graph":[{"@type":"WebPage","@id":"http:\/\/luludog.eu\/de\/sklep\/hundeball-north-pole\/","url":"http:\/\/luludog.eu\/de\/sklep\/hundeball-north-pole\/","name":"Hundeball North Pole - Luludog","isPartOf":{"@id":"http:\/\/luludog.eu\/de\/#website"},"primaryImageOfPage":{"@id":"http:\/\/luludog.eu\/de\/sklep\/hundeball-north-pole\/#primaryimage"},"image":{"@id":"http:\/\/luludog.eu\/de\/sklep\/hundeball-north-pole\/#primaryimage"},"thumbnailUrl":"http:\/\/luludog.eu\/wp-content\/uploads\/2022\/05\/north-pole-ball.jpg","datePublished":"2022-05-21T21:50:02+00:00","dateModified":"2022-07-22T10:29:19+00:00","breadcrumb":{"@id":"http:\/\/luludog.eu\/de\/sklep\/hundeball-north-pole\/#breadcrumb"},"inLanguage":"de","potentialAction":[{"@type":"ReadAction","target":["http:\/\/luludog.eu\/de\/sklep\/hundeball-north-pole\/"]}]},{"@type":"ImageObject","inLanguage":"de","@id":"http:\/\/luludog.eu\/de\/sklep\/hundeball-north-pole\/#primaryimage","url":"http:\/\/luludog.eu\/wp-content\/uploads\/2022\/05\/north-pole-ball.jpg","contentUrl":"http:\/\/luludog.eu\/wp-content\/uploads\/2022\/05\/north-pole-ball.jpg","width":1600,"height":1065},{"@type":"BreadcrumbList","@id":"http:\/\/luludog.eu\/de\/sklep\/hundeball-north-pole\/#breadcrumb","itemListElement":[{"@type":"ListItem","position":1,"name":"Strona g\u0142\u00f3wna","item":"http:\/\/luludog.eu\/de\/"},{"@type":"ListItem","position":2,"name":"Sklep","item":"http:\/\/luludog.eu\/de\/sklep\/"},{"@type":"ListItem","position":3,"name":"Hundeball North Pole"}]},{"@type":"WebSite","@id":"http:\/\/luludog.eu\/de\/#website","url":"http:\/\/luludog.eu\/de\/","name":"Luludog","description":"","potentialAction":[{"@type":"SearchAction","target":{"@type":"EntryPoint","urlTemplate":"http:\/\/luludog.eu\/de\/?s={search_term_string}"},"query-input":{"@type":"PropertyValueSpecification","valueRequired":true,"valueName":"search_term_string"}}],"inLanguage":"de"}]}},"_links":{"self":[{"href":"http:\/\/luludog.eu\/de\/wp-json\/wp\/v2\/product\/13946","targetHints":{"allow":["GET"]}}],"collection":[{"href":"http:\/\/luludog.eu\/de\/wp-json\/wp\/v2\/product"}],"about":[{"href":"http:\/\/luludog.eu\/de\/wp-json\/wp\/v2\/types\/product"}],"replies":[{"embeddable":true,"href":"http:\/\/luludog.eu\/de\/wp-json\/wp\/v2\/comments?post=13946"}],"wp:featuredmedia":[{"embeddable":true,"href":"http:\/\/luludog.eu\/de\/wp-json\/wp\/v2\/media\/13944"}],"wp:attachment":[{"href":"http:\/\/luludog.eu\/de\/wp-json\/wp\/v2\/media?parent=13946"}],"wp:term":[{"taxonomy":"product_brand","embeddable":true,"href":"http:\/\/luludog.eu\/de\/wp-json\/wp\/v2\/product_brand?post=13946"},{"taxonomy":"product_cat","embeddable":true,"href":"http:\/\/luludog.eu\/de\/wp-json\/wp\/v2\/product_cat?post=13946"},{"taxonomy":"product_tag","embeddable":true,"href":"http:\/\/luludog.eu\/de\/wp-json\/wp\/v2\/product_tag?post=13946"}],"curies":[{"name":"wp","href":"https:\/\/api.w.org\/{rel}","templated":true}]}}