{"id":11853,"date":"2015-03-17T11:09:39","date_gmt":"2015-03-17T10:09:39","guid":{"rendered":"http:\/\/luludog.eu\/home\/"},"modified":"2024-03-05T12:28:29","modified_gmt":"2024-03-05T11:28:29","slug":"home","status":"publish","type":"page","link":"https:\/\/luludog.eu\/de\/","title":{"rendered":"Home"},"content":{"rendered":"","protected":false},"excerpt":{"rendered":"","protected":false},"author":1,"featured_media":0,"parent":0,"menu_order":0,"comment_status":"closed","ping_status":"closed","template":"","meta":{"_acf_changed":false,"footnotes":""},"class_list":["post-11853","page","type-page","status-publish","hentry"],"acf":[],"yoast_head":"<!-- This site is optimized with the Yoast SEO plugin v25.4 - https:\/\/yoast.com\/wordpress\/plugins\/seo\/ -->\n<title>Gesch\u00e4ft mit Hundezubeh\u00f6r-Geschirre, Leinen, Halsb\u00e4nder - Luludog<\/title>\n<meta name=\"description\" content=\"Ein Shop mit professionellem Hundezubeh\u00f6r, Geschirren, Halsb\u00e4ndern und Leinen in Premiumqualit\u00e4t. 100% handgefertigte Produkte bei uns erh\u00e4ltlich.\" \/>\n<meta name=\"robots\" content=\"index, follow, max-snippet:-1, max-image-preview:large, max-video-preview:-1\" \/>\n<link rel=\"canonical\" href=\"https:\/\/luludog.eu\/de\/\" \/>\n<meta property=\"og:locale\" content=\"de_DE\" \/>\n<meta property=\"og:type\" content=\"article\" \/>\n<meta property=\"og:title\" content=\"Gesch\u00e4ft mit Hundezubeh\u00f6r-Geschirre, Leinen, Halsb\u00e4nder - Luludog\" \/>\n<meta property=\"og:description\" content=\"Ein Shop mit professionellem Hundezubeh\u00f6r, Geschirren, Halsb\u00e4ndern und Leinen in Premiumqualit\u00e4t. 100% handgefertigte Produkte bei uns erh\u00e4ltlich.\" \/>\n<meta property=\"og:url\" content=\"https:\/\/luludog.eu\/de\/\" \/>\n<meta property=\"og:site_name\" content=\"Luludog\" \/>\n<meta property=\"article:modified_time\" content=\"2024-03-05T11:28:29+00:00\" \/>\n<meta name=\"twitter:card\" content=\"summary_large_image\" \/>\n<script type=\"application\/ld+json\" class=\"yoast-schema-graph\">{\"@context\":\"https:\/\/schema.org\",\"@graph\":[{\"@type\":\"WebPage\",\"@id\":\"https:\/\/luludog.eu\/de\/\",\"url\":\"https:\/\/luludog.eu\/de\/\",\"name\":\"Gesch\u00e4ft mit Hundezubeh\u00f6r-Geschirre, Leinen, Halsb\u00e4nder - Luludog\",\"isPartOf\":{\"@id\":\"https:\/\/luludog.eu\/de\/#website\"},\"datePublished\":\"2015-03-17T10:09:39+00:00\",\"dateModified\":\"2024-03-05T11:28:29+00:00\",\"description\":\"Ein Shop mit professionellem Hundezubeh\u00f6r, Geschirren, Halsb\u00e4ndern und Leinen in Premiumqualit\u00e4t. 100% handgefertigte Produkte bei uns erh\u00e4ltlich.\",\"breadcrumb\":{\"@id\":\"https:\/\/luludog.eu\/de\/#breadcrumb\"},\"inLanguage\":\"de\",\"potentialAction\":[{\"@type\":\"ReadAction\",\"target\":[\"https:\/\/luludog.eu\/de\/\"]}]},{\"@type\":\"BreadcrumbList\",\"@id\":\"https:\/\/luludog.eu\/de\/#breadcrumb\",\"itemListElement\":[{\"@type\":\"ListItem\",\"position\":1,\"name\":\"Strona g\u0142\u00f3wna\",\"item\":\"http:\/\/luludog.eu\/de\/\"},{\"@type\":\"ListItem\",\"position\":2,\"name\":\"Home\"}]},{\"@type\":\"WebSite\",\"@id\":\"https:\/\/luludog.eu\/de\/#website\",\"url\":\"https:\/\/luludog.eu\/de\/\",\"name\":\"Luludog\",\"description\":\"\",\"potentialAction\":[{\"@type\":\"SearchAction\",\"target\":{\"@type\":\"EntryPoint\",\"urlTemplate\":\"https:\/\/luludog.eu\/de\/?s={search_term_string}\"},\"query-input\":{\"@type\":\"PropertyValueSpecification\",\"valueRequired\":true,\"valueName\":\"search_term_string\"}}],\"inLanguage\":\"de\"}]}<\/script>\n<!-- \/ Yoast SEO plugin. -->","yoast_head_json":{"title":"Gesch\u00e4ft mit Hundezubeh\u00f6r-Geschirre, Leinen, Halsb\u00e4nder - Luludog","description":"Ein Shop mit professionellem Hundezubeh\u00f6r, Geschirren, Halsb\u00e4ndern und Leinen in Premiumqualit\u00e4t. 100% handgefertigte Produkte bei uns erh\u00e4ltlich.","robots":{"index":"index","follow":"follow","max-snippet":"max-snippet:-1","max-image-preview":"max-image-preview:large","max-video-preview":"max-video-preview:-1"},"canonical":"https:\/\/luludog.eu\/de\/","og_locale":"de_DE","og_type":"article","og_title":"Gesch\u00e4ft mit Hundezubeh\u00f6r-Geschirre, Leinen, Halsb\u00e4nder - Luludog","og_description":"Ein Shop mit professionellem Hundezubeh\u00f6r, Geschirren, Halsb\u00e4ndern und Leinen in Premiumqualit\u00e4t. 100% handgefertigte Produkte bei uns erh\u00e4ltlich.","og_url":"https:\/\/luludog.eu\/de\/","og_site_name":"Luludog","article_modified_time":"2024-03-05T11:28:29+00:00","twitter_card":"summary_large_image","schema":{"@context":"https:\/\/schema.org","@graph":[{"@type":"WebPage","@id":"https:\/\/luludog.eu\/de\/","url":"https:\/\/luludog.eu\/de\/","name":"Gesch\u00e4ft mit Hundezubeh\u00f6r-Geschirre, Leinen, Halsb\u00e4nder - Luludog","isPartOf":{"@id":"https:\/\/luludog.eu\/de\/#website"},"datePublished":"2015-03-17T10:09:39+00:00","dateModified":"2024-03-05T11:28:29+00:00","description":"Ein Shop mit professionellem Hundezubeh\u00f6r, Geschirren, Halsb\u00e4ndern und Leinen in Premiumqualit\u00e4t. 100% handgefertigte Produkte bei uns erh\u00e4ltlich.","breadcrumb":{"@id":"https:\/\/luludog.eu\/de\/#breadcrumb"},"inLanguage":"de","potentialAction":[{"@type":"ReadAction","target":["https:\/\/luludog.eu\/de\/"]}]},{"@type":"BreadcrumbList","@id":"https:\/\/luludog.eu\/de\/#breadcrumb","itemListElement":[{"@type":"ListItem","position":1,"name":"Strona g\u0142\u00f3wna","item":"http:\/\/luludog.eu\/de\/"},{"@type":"ListItem","position":2,"name":"Home"}]},{"@type":"WebSite","@id":"https:\/\/luludog.eu\/de\/#website","url":"https:\/\/luludog.eu\/de\/","name":"Luludog","description":"","potentialAction":[{"@type":"SearchAction","target":{"@type":"EntryPoint","urlTemplate":"https:\/\/luludog.eu\/de\/?s={search_term_string}"},"query-input":{"@type":"PropertyValueSpecification","valueRequired":true,"valueName":"search_term_string"}}],"inLanguage":"de"}]}},"_links":{"self":[{"href":"https:\/\/luludog.eu\/de\/wp-json\/wp\/v2\/pages\/11853","targetHints":{"allow":["GET"]}}],"collection":[{"href":"https:\/\/luludog.eu\/de\/wp-json\/wp\/v2\/pages"}],"about":[{"href":"https:\/\/luludog.eu\/de\/wp-json\/wp\/v2\/types\/page"}],"author":[{"embeddable":true,"href":"https:\/\/luludog.eu\/de\/wp-json\/wp\/v2\/users\/1"}],"replies":[{"embeddable":true,"href":"https:\/\/luludog.eu\/de\/wp-json\/wp\/v2\/comments?post=11853"}],"version-history":[{"count":1,"href":"https:\/\/luludog.eu\/de\/wp-json\/wp\/v2\/pages\/11853\/revisions"}],"predecessor-version":[{"id":13771,"href":"https:\/\/luludog.eu\/de\/wp-json\/wp\/v2\/pages\/11853\/revisions\/13771"}],"wp:attachment":[{"href":"https:\/\/luludog.eu\/de\/wp-json\/wp\/v2\/media?parent=11853"}],"curies":[{"name":"wp","href":"https:\/\/api.w.org\/{rel}","templated":true}]}}