{"id":13198,"date":"2022-05-22T00:02:57","date_gmt":"2022-05-21T22:02:57","guid":{"rendered":"http:\/\/luludog.eu\/sklep\/szelki-bezuciskowe-north-pole\/"},"modified":"2024-02-16T13:38:35","modified_gmt":"2024-02-16T12:38:35","slug":"szelki-bezuciskowe-north-pole","status":"publish","type":"product","link":"https:\/\/luludog.eu\/de\/sklep\/szelki-bezuciskowe-north-pole\/","title":{"rendered":"Szelki bezuciskowe North Pole"},"content":{"rendered":"\n<div class=\"column one-fourth\">\r\n<a href=\"http:\/\/luludog.eu\/wp-content\/uploads\/2022\/05\/ico-szelki-vest.png\"><img loading=\"lazy\" decoding=\"async\" src=\"http:\/\/luludog.eu\/wp-content\/uploads\/2022\/05\/ico-szelki-vest.png\" alt=\"\" width=\"400\" height=\"400\" class=\"alignnone size-full wp-image-11791\" srcset=\"https:\/\/luludog.eu\/wp-content\/uploads\/2022\/05\/ico-szelki-vest.png 400w, https:\/\/luludog.eu\/wp-content\/uploads\/2022\/05\/ico-szelki-vest-250x250.png 250w, https:\/\/luludog.eu\/wp-content\/uploads\/2022\/05\/ico-szelki-vest-146x146.png 146w, https:\/\/luludog.eu\/wp-content\/uploads\/2022\/05\/ico-szelki-vest-50x50.png 50w, https:\/\/luludog.eu\/wp-content\/uploads\/2022\/05\/ico-szelki-vest-75x75.png 75w, https:\/\/luludog.eu\/wp-content\/uploads\/2022\/05\/ico-szelki-vest-85x85.png 85w, https:\/\/luludog.eu\/wp-content\/uploads\/2022\/05\/ico-szelki-vest-80x80.png 80w, https:\/\/luludog.eu\/wp-content\/uploads\/2022\/05\/ico-szelki-vest-300x300.png 300w, https:\/\/luludog.eu\/wp-content\/uploads\/2022\/05\/ico-szelki-vest-100x100.png 100w\" sizes=\"auto, (max-width:767px) 400px, 400px\" \/><\/a>\r\n\r\n<\/div>\r\n<div class=\"column three-fourth\">\r\n<table border=\"1\">\r\n<tbody>\r\n<tr>\r\n<td><\/td>\r\n  <td><strong>A<\/strong><\/td>\r\n<td><strong>B<\/strong><\/td>\r\n<\/tr>\r\n<tr>\r\n<td><strong>XXS<\/strong><\/td>\r\n<td>3,5 cm<\/td>\r\n<td>30-34 cm<\/td>\r\n<\/tr>\r\n<tr>\r\n<td><strong>XS<\/strong><\/td>\r\n<td>4 cm<\/td>\r\n<td>34-37 cm<\/td>\r\n<\/tr>\r\n<tr>\r\n<td><strong>S<\/strong><\/td>\r\n<td>5 cm<\/td>\r\n<td>38-43 cm<\/td>\r\n<\/tr>\r\n<tr>\r\n<td><strong>S+<\/strong><\/td>\r\n<td>6 cm<\/td>\r\n<td>44-49 cm<\/td>\r\n<\/tr>\r\n<tr>\r\n<td><strong>M<\/strong><\/td>\r\n<td>7 cm<\/td>\r\n<td>50-55 cm<\/td>\r\n<\/tr>\r\n<tr>\r\n<td><strong>L<\/strong><\/td>\r\n<td>8 cm<\/td>\r\n<td>57-62 cm<\/td>\r\n<\/tr>\r\n<tr>\r\n<td><strong>XL<\/strong><\/td>\r\n<td>9 cm<\/td>\r\n<td>63-69 cm<\/td>\r\n<\/tr>\r\n<\/tbody>\r\n<\/table>\r\n<\/div>\n","protected":false},"excerpt":{"rendered":"<p style=\"text-align: left;\">Szelki<em>\u00a0North Pole<\/em>\u00a0urzeczywistniaj\u0105 nam emocje i ducha \u015awi\u0105t Bo\u017cego Narodzenia. Ciep\u0142y blask kominka, zapach pomara\u0144czy i go\u017adzik\u00f3w, pi\u0119knie przystrojone drzewko\u2026<\/p>\n<p style=\"text-align: left;\">Kto wie, mo\u017ce o p\u00f3\u0142nocy zwierz\u0119ta przem\u00f3wi\u0105 do nas ludzkim g\u0142osem?<\/p>\n<p style=\"text-align: left;\">Szelki maj\u0105 konstrukcj\u0119 kamizelki, z zewn\u0105trz odszyte s\u0105 z mi\u0119kkiego, przyjemnego w dotyku weluru, od wewn\u0105trz wy\u015bciela je oddychaj\u0105ca siateczka dystansowa. Zapi\u0119cie jest podw\u00f3jne, pierwszy etap to dopasowanie szelek do cia\u0142a psa i zapi\u0119cie ich na rzep, a nast\u0119pnie zamykamy je metalow\u0105 klamr\u0105. Smycz podpinamy do p\u00f3\u0142k\u00f3\u0142ek przy klamrze.<\/p>\n<p style=\"text-align: left;\">Metalowe okucia w czterech dost\u0119pnych kolorach nadaj\u0105 obro\u017cy pi\u0119kne, klasyczne wyko\u0144czenie.<\/p>\n<p style=\"text-align: left;\">UWAGA! Szelki maj\u0105 niedu\u017c\u0105 regulacj\u0119, upewnij si\u0119 w tabeli rozmiar\u00f3w czy rozmiar zosta\u0142 dobrze dobrany.<\/p>\n<p style=\"text-align: left;\">Zalecamy pranie r\u0119czne-wypranie w pralce mo\u017ce uszkodzi\u0107 metalowe elementy.<\/p>\n<p style=\"text-align: left;\">Je\u015bli pranie w pralce jest konieczno\u015bci\u0105, zalecamy w\u0142o\u017cenie akcesori\u00f3w do mi\u0119kkiej, grubszej poszewki i pranie w programie \u2018delikatne\u2019 w nie wi\u0119cej ni\u017c 30 stopniach i wysuszenie akcesori\u00f3w \u201cna p\u0142asko\u201d.<\/p>\n","protected":false},"featured_media":11319,"comment_status":"closed","ping_status":"closed","template":"","meta":{"_acf_changed":false},"product_brand":[],"product_cat":[1017,1000],"product_tag":[],"class_list":{"0":"post-13198","1":"product","2":"type-product","3":"status-publish","4":"has-post-thumbnail","6":"product_cat-druckloses-hundegeschirr","7":"product_cat-north-pole-de","9":"first","10":"instock","11":"taxable","12":"shipping-taxable","13":"purchasable","14":"product-type-variable"},"acf":[],"yoast_head":"<!-- This site is optimized with the Yoast SEO plugin v25.4 - https:\/\/yoast.com\/wordpress\/plugins\/seo\/ -->\n<title>Szelki bezuciskowe North Pole - Luludog<\/title>\n<meta name=\"robots\" content=\"index, follow, max-snippet:-1, max-image-preview:large, max-video-preview:-1\" \/>\n<link rel=\"canonical\" href=\"https:\/\/luludog.eu\/de\/sklep\/szelki-bezuciskowe-north-pole\/\" \/>\n<meta property=\"og:locale\" content=\"de_DE\" \/>\n<meta property=\"og:type\" content=\"article\" \/>\n<meta property=\"og:title\" content=\"Szelki bezuciskowe North Pole - Luludog\" \/>\n<meta property=\"og:description\" content=\"Szelki\u00a0North Pole\u00a0urzeczywistniaj\u0105 nam emocje i ducha \u015awi\u0105t Bo\u017cego Narodzenia. Ciep\u0142y blask kominka, zapach pomara\u0144czy i go\u017adzik\u00f3w, pi\u0119knie przystrojone drzewko\u2026 Kto wie, mo\u017ce o p\u00f3\u0142nocy zwierz\u0119ta przem\u00f3wi\u0105 do nas ludzkim g\u0142osem? Szelki maj\u0105 konstrukcj\u0119 kamizelki, z zewn\u0105trz odszyte s\u0105 z mi\u0119kkiego, przyjemnego w dotyku weluru, od wewn\u0105trz wy\u015bciela je oddychaj\u0105ca siateczka dystansowa. Zapi\u0119cie jest podw\u00f3jne, pierwszy etap to dopasowanie szelek do cia\u0142a psa i zapi\u0119cie ich na rzep, a nast\u0119pnie zamykamy je metalow\u0105 klamr\u0105. Smycz podpinamy do p\u00f3\u0142k\u00f3\u0142ek przy klamrze. Metalowe okucia w czterech dost\u0119pnych kolorach nadaj\u0105 obro\u017cy pi\u0119kne, klasyczne wyko\u0144czenie. UWAGA! Szelki maj\u0105 niedu\u017c\u0105 regulacj\u0119, upewnij si\u0119 w tabeli rozmiar\u00f3w czy rozmiar zosta\u0142 dobrze dobrany. Zalecamy pranie r\u0119czne-wypranie w pralce mo\u017ce uszkodzi\u0107 metalowe elementy. Je\u015bli pranie w pralce jest konieczno\u015bci\u0105, zalecamy w\u0142o\u017cenie akcesori\u00f3w do mi\u0119kkiej, grubszej poszewki i pranie w programie \u2018delikatne\u2019 w nie wi\u0119cej ni\u017c 30 stopniach i wysuszenie akcesori\u00f3w \u201cna p\u0142asko\u201d.\" \/>\n<meta property=\"og:url\" content=\"https:\/\/luludog.eu\/de\/sklep\/szelki-bezuciskowe-north-pole\/\" \/>\n<meta property=\"og:site_name\" content=\"Luludog\" \/>\n<meta property=\"article:modified_time\" content=\"2024-02-16T12:38:35+00:00\" \/>\n<meta property=\"og:image\" content=\"https:\/\/luludog.eu\/wp-content\/uploads\/2022\/05\/szelki-kamizelkowe-north-pole-1.jpg\" \/>\n\t<meta property=\"og:image:width\" content=\"1600\" \/>\n\t<meta property=\"og:image:height\" content=\"1065\" \/>\n\t<meta property=\"og:image:type\" content=\"image\/jpeg\" \/>\n<meta name=\"twitter:card\" content=\"summary_large_image\" \/>\n<script type=\"application\/ld+json\" class=\"yoast-schema-graph\">{\"@context\":\"https:\/\/schema.org\",\"@graph\":[{\"@type\":\"WebPage\",\"@id\":\"https:\/\/luludog.eu\/de\/sklep\/szelki-bezuciskowe-north-pole\/\",\"url\":\"https:\/\/luludog.eu\/de\/sklep\/szelki-bezuciskowe-north-pole\/\",\"name\":\"Szelki bezuciskowe North Pole - Luludog\",\"isPartOf\":{\"@id\":\"http:\/\/luludog.eu\/de\/#website\"},\"primaryImageOfPage\":{\"@id\":\"https:\/\/luludog.eu\/de\/sklep\/szelki-bezuciskowe-north-pole\/#primaryimage\"},\"image\":{\"@id\":\"https:\/\/luludog.eu\/de\/sklep\/szelki-bezuciskowe-north-pole\/#primaryimage\"},\"thumbnailUrl\":\"https:\/\/luludog.eu\/wp-content\/uploads\/2022\/05\/szelki-kamizelkowe-north-pole-1.jpg\",\"datePublished\":\"2022-05-21T22:02:57+00:00\",\"dateModified\":\"2024-02-16T12:38:35+00:00\",\"breadcrumb\":{\"@id\":\"https:\/\/luludog.eu\/de\/sklep\/szelki-bezuciskowe-north-pole\/#breadcrumb\"},\"inLanguage\":\"de\",\"potentialAction\":[{\"@type\":\"ReadAction\",\"target\":[\"https:\/\/luludog.eu\/de\/sklep\/szelki-bezuciskowe-north-pole\/\"]}]},{\"@type\":\"ImageObject\",\"inLanguage\":\"de\",\"@id\":\"https:\/\/luludog.eu\/de\/sklep\/szelki-bezuciskowe-north-pole\/#primaryimage\",\"url\":\"https:\/\/luludog.eu\/wp-content\/uploads\/2022\/05\/szelki-kamizelkowe-north-pole-1.jpg\",\"contentUrl\":\"https:\/\/luludog.eu\/wp-content\/uploads\/2022\/05\/szelki-kamizelkowe-north-pole-1.jpg\",\"width\":1600,\"height\":1065},{\"@type\":\"BreadcrumbList\",\"@id\":\"https:\/\/luludog.eu\/de\/sklep\/szelki-bezuciskowe-north-pole\/#breadcrumb\",\"itemListElement\":[{\"@type\":\"ListItem\",\"position\":1,\"name\":\"Strona g\u0142\u00f3wna\",\"item\":\"http:\/\/luludog.eu\/de\/\"},{\"@type\":\"ListItem\",\"position\":2,\"name\":\"Sklep\",\"item\":\"http:\/\/luludog.eu\/de\/sklep\/\"},{\"@type\":\"ListItem\",\"position\":3,\"name\":\"Szelki bezuciskowe North Pole\"}]},{\"@type\":\"WebSite\",\"@id\":\"http:\/\/luludog.eu\/de\/#website\",\"url\":\"http:\/\/luludog.eu\/de\/\",\"name\":\"Luludog\",\"description\":\"\",\"potentialAction\":[{\"@type\":\"SearchAction\",\"target\":{\"@type\":\"EntryPoint\",\"urlTemplate\":\"http:\/\/luludog.eu\/de\/?s={search_term_string}\"},\"query-input\":{\"@type\":\"PropertyValueSpecification\",\"valueRequired\":true,\"valueName\":\"search_term_string\"}}],\"inLanguage\":\"de\"}]}<\/script>\n<!-- \/ Yoast SEO plugin. -->","yoast_head_json":{"title":"Szelki bezuciskowe North Pole - Luludog","robots":{"index":"index","follow":"follow","max-snippet":"max-snippet:-1","max-image-preview":"max-image-preview:large","max-video-preview":"max-video-preview:-1"},"canonical":"https:\/\/luludog.eu\/de\/sklep\/szelki-bezuciskowe-north-pole\/","og_locale":"de_DE","og_type":"article","og_title":"Szelki bezuciskowe North Pole - Luludog","og_description":"Szelki\u00a0North Pole\u00a0urzeczywistniaj\u0105 nam emocje i ducha \u015awi\u0105t Bo\u017cego Narodzenia. Ciep\u0142y blask kominka, zapach pomara\u0144czy i go\u017adzik\u00f3w, pi\u0119knie przystrojone drzewko\u2026 Kto wie, mo\u017ce o p\u00f3\u0142nocy zwierz\u0119ta przem\u00f3wi\u0105 do nas ludzkim g\u0142osem? Szelki maj\u0105 konstrukcj\u0119 kamizelki, z zewn\u0105trz odszyte s\u0105 z mi\u0119kkiego, przyjemnego w dotyku weluru, od wewn\u0105trz wy\u015bciela je oddychaj\u0105ca siateczka dystansowa. Zapi\u0119cie jest podw\u00f3jne, pierwszy etap to dopasowanie szelek do cia\u0142a psa i zapi\u0119cie ich na rzep, a nast\u0119pnie zamykamy je metalow\u0105 klamr\u0105. Smycz podpinamy do p\u00f3\u0142k\u00f3\u0142ek przy klamrze. Metalowe okucia w czterech dost\u0119pnych kolorach nadaj\u0105 obro\u017cy pi\u0119kne, klasyczne wyko\u0144czenie. UWAGA! Szelki maj\u0105 niedu\u017c\u0105 regulacj\u0119, upewnij si\u0119 w tabeli rozmiar\u00f3w czy rozmiar zosta\u0142 dobrze dobrany. Zalecamy pranie r\u0119czne-wypranie w pralce mo\u017ce uszkodzi\u0107 metalowe elementy. Je\u015bli pranie w pralce jest konieczno\u015bci\u0105, zalecamy w\u0142o\u017cenie akcesori\u00f3w do mi\u0119kkiej, grubszej poszewki i pranie w programie \u2018delikatne\u2019 w nie wi\u0119cej ni\u017c 30 stopniach i wysuszenie akcesori\u00f3w \u201cna p\u0142asko\u201d.","og_url":"https:\/\/luludog.eu\/de\/sklep\/szelki-bezuciskowe-north-pole\/","og_site_name":"Luludog","article_modified_time":"2024-02-16T12:38:35+00:00","og_image":[{"width":1600,"height":1065,"url":"https:\/\/luludog.eu\/wp-content\/uploads\/2022\/05\/szelki-kamizelkowe-north-pole-1.jpg","type":"image\/jpeg"}],"twitter_card":"summary_large_image","schema":{"@context":"https:\/\/schema.org","@graph":[{"@type":"WebPage","@id":"https:\/\/luludog.eu\/de\/sklep\/szelki-bezuciskowe-north-pole\/","url":"https:\/\/luludog.eu\/de\/sklep\/szelki-bezuciskowe-north-pole\/","name":"Szelki bezuciskowe North Pole - Luludog","isPartOf":{"@id":"http:\/\/luludog.eu\/de\/#website"},"primaryImageOfPage":{"@id":"https:\/\/luludog.eu\/de\/sklep\/szelki-bezuciskowe-north-pole\/#primaryimage"},"image":{"@id":"https:\/\/luludog.eu\/de\/sklep\/szelki-bezuciskowe-north-pole\/#primaryimage"},"thumbnailUrl":"https:\/\/luludog.eu\/wp-content\/uploads\/2022\/05\/szelki-kamizelkowe-north-pole-1.jpg","datePublished":"2022-05-21T22:02:57+00:00","dateModified":"2024-02-16T12:38:35+00:00","breadcrumb":{"@id":"https:\/\/luludog.eu\/de\/sklep\/szelki-bezuciskowe-north-pole\/#breadcrumb"},"inLanguage":"de","potentialAction":[{"@type":"ReadAction","target":["https:\/\/luludog.eu\/de\/sklep\/szelki-bezuciskowe-north-pole\/"]}]},{"@type":"ImageObject","inLanguage":"de","@id":"https:\/\/luludog.eu\/de\/sklep\/szelki-bezuciskowe-north-pole\/#primaryimage","url":"https:\/\/luludog.eu\/wp-content\/uploads\/2022\/05\/szelki-kamizelkowe-north-pole-1.jpg","contentUrl":"https:\/\/luludog.eu\/wp-content\/uploads\/2022\/05\/szelki-kamizelkowe-north-pole-1.jpg","width":1600,"height":1065},{"@type":"BreadcrumbList","@id":"https:\/\/luludog.eu\/de\/sklep\/szelki-bezuciskowe-north-pole\/#breadcrumb","itemListElement":[{"@type":"ListItem","position":1,"name":"Strona g\u0142\u00f3wna","item":"http:\/\/luludog.eu\/de\/"},{"@type":"ListItem","position":2,"name":"Sklep","item":"http:\/\/luludog.eu\/de\/sklep\/"},{"@type":"ListItem","position":3,"name":"Szelki bezuciskowe North Pole"}]},{"@type":"WebSite","@id":"http:\/\/luludog.eu\/de\/#website","url":"http:\/\/luludog.eu\/de\/","name":"Luludog","description":"","potentialAction":[{"@type":"SearchAction","target":{"@type":"EntryPoint","urlTemplate":"http:\/\/luludog.eu\/de\/?s={search_term_string}"},"query-input":{"@type":"PropertyValueSpecification","valueRequired":true,"valueName":"search_term_string"}}],"inLanguage":"de"}]}},"_links":{"self":[{"href":"https:\/\/luludog.eu\/de\/wp-json\/wp\/v2\/product\/13198","targetHints":{"allow":["GET"]}}],"collection":[{"href":"https:\/\/luludog.eu\/de\/wp-json\/wp\/v2\/product"}],"about":[{"href":"https:\/\/luludog.eu\/de\/wp-json\/wp\/v2\/types\/product"}],"replies":[{"embeddable":true,"href":"https:\/\/luludog.eu\/de\/wp-json\/wp\/v2\/comments?post=13198"}],"wp:featuredmedia":[{"embeddable":true,"href":"https:\/\/luludog.eu\/de\/wp-json\/wp\/v2\/media\/11319"}],"wp:attachment":[{"href":"https:\/\/luludog.eu\/de\/wp-json\/wp\/v2\/media?parent=13198"}],"wp:term":[{"taxonomy":"product_brand","embeddable":true,"href":"https:\/\/luludog.eu\/de\/wp-json\/wp\/v2\/product_brand?post=13198"},{"taxonomy":"product_cat","embeddable":true,"href":"https:\/\/luludog.eu\/de\/wp-json\/wp\/v2\/product_cat?post=13198"},{"taxonomy":"product_tag","embeddable":true,"href":"https:\/\/luludog.eu\/de\/wp-json\/wp\/v2\/product_tag?post=13198"}],"curies":[{"name":"wp","href":"https:\/\/api.w.org\/{rel}","templated":true}]}}